{"id":2874,"date":"2022-03-15T13:29:18","date_gmt":"2022-03-15T12:29:18","guid":{"rendered":"https:\/\/www.acakorofootball.com\/agbs\/"},"modified":"2022-07-29T11:33:47","modified_gmt":"2022-07-29T09:33:47","slug":"agbs","status":"publish","type":"page","link":"https:\/\/www.acakorofootball.com\/en\/agbs\/","title":{"rendered":"AGBs"},"content":{"rendered":"<p>[et_pb_section fb_built=&#8221;1&#8243; admin_label=&#8221;Listings&#8221; _builder_version=&#8221;4.14.8&#8243; custom_padding=&#8221;120px||120px||true|false&#8221; bottom_divider_color=&#8221;#f7f7f7&#8243; bottom_divider_flip=&#8221;horizontal&#8221; animation_style=&#8221;fade&#8221; animation_delay=&#8221;200ms&#8221; locked=&#8221;off&#8221; global_colors_info=&#8221;{}&#8221;][et_pb_row _builder_version=&#8221;3.25&#8243; custom_padding=&#8221;0px||1px|||&#8221; locked=&#8221;off&#8221; global_colors_info=&#8221;{}&#8221;][et_pb_column type=&#8221;4_4&#8243; _builder_version=&#8221;3.25&#8243; custom_padding=&#8221;|||&#8221; global_colors_info=&#8221;{}&#8221; custom_padding__hover=&#8221;|||&#8221;][et_pb_text _builder_version=&#8221;4.14.8&#8243; _module_preset=&#8221;default&#8221; hover_enabled=&#8221;0&#8243; global_colors_info=&#8221;{}&#8221; sticky_enabled=&#8221;0&#8243;]<\/p>\n<h1 style=\"text-align: left;\">AGBs<\/h1>\n<div class=\"page\" title=\"Page 7\">\n<div class=\"section\">\n<div class=\"layoutArea\">\n<div class=\"column\">\n<p>Diese Datenschutzerkl\u00e4rung kl\u00e4rt Sie \u00fcber die Art, den Umfang und Zweck der Verarbeitung von personenbezogenen Daten (nachfolgend kurz \u201eDaten\u201c) innerhalb unseres Onlineangebotes und der mit ihm verbundenen Webseiten, Funktionen und Inhalte sowie externen Onlinepr\u00e4senzen, wie z.B. unser Social Media Profile auf (nachfolgend gemeinsam bezeichnet als \u201eOnlineangebot\u201c). Im Hinblick auf die verwendeten Begrifflichkeiten, wie z.B. \u201eVerarbeitung\u201c oder \u201eVerantwortlicher\u201c verweisen wir auf die Definitionen im Art. 4 der Datenschutzgrundverordnung (DSGVO).<\/p>\n<p><strong>Arten der verarbeiteten Daten:<\/strong><br \/>\u2013 Bestandsdaten (z.B., Namen, Adressen).<br \/>\u2013 Kontaktdaten (z.B., E-Mail, Telefonnummern).<br \/>\u2013 Nutzungsdaten (z.B., besuchte Webseiten, Interesse an Inhalten, Zugriffszeiten).<br \/>\u2013 Meta-\/Kommunikationsdaten (z.B., Ger\u00e4te-Informationen, IP-Adressen).<\/p>\n<\/div>\n<\/div>\n<\/div>\n<\/div>\n<p>[\/et_pb_text][\/et_pb_column][\/et_pb_row][\/et_pb_section]<\/p>\n","protected":false},"excerpt":{"rendered":"<p>AGBs Diese Datenschutzerkl\u00e4rung kl\u00e4rt Sie \u00fcber die Art, den Umfang und Zweck der Verarbeitung von personenbezogenen Daten (nachfolgend kurz \u201eDaten\u201c) innerhalb unseres Onlineangebotes und der mit ihm verbundenen Webseiten, Funktionen und Inhalte sowie externen Onlinepr\u00e4senzen, wie z.B. unser Social Media Profile auf (nachfolgend gemeinsam bezeichnet als \u201eOnlineangebot\u201c). Im Hinblick auf die verwendeten Begrifflichkeiten, wie z.B. [&hellip;]<\/p>\n","protected":false},"author":6,"featured_media":0,"parent":0,"menu_order":0,"comment_status":"closed","ping_status":"closed","template":"","meta":{"_et_pb_use_builder":"on","_et_pb_old_content":"","_et_gb_content_width":"","footnotes":""},"class_list":["post-2874","page","type-page","status-publish","hentry"],"yoast_head":"<!-- This site is optimized with the Yoast SEO plugin v27.5 - https:\/\/yoast.com\/product\/yoast-seo-wordpress\/ -->\n<title>AGBs - Acakoro<\/title>\n<meta name=\"description\" content=\"Der Hilfsverein ACAKORO Football erm\u00f6glicht sozial stark benachteiligten Kindern im Korogocho-Slum in Kenia eine akademische und sportliche Ausbildung.\" \/>\n<meta name=\"robots\" content=\"index, follow, max-snippet:-1, max-image-preview:large, max-video-preview:-1\" \/>\n<link rel=\"canonical\" href=\"https:\/\/www.acakorofootball.com\/en\/agbs\/\" \/>\n<meta property=\"og:locale\" content=\"en_US\" \/>\n<meta property=\"og:type\" content=\"article\" \/>\n<meta property=\"og:title\" content=\"AGBs - Acakoro\" \/>\n<meta property=\"og:description\" content=\"Der Hilfsverein ACAKORO Football erm\u00f6glicht sozial stark benachteiligten Kindern im Korogocho-Slum in Kenia eine akademische und sportliche Ausbildung.\" \/>\n<meta property=\"og:url\" content=\"https:\/\/www.acakorofootball.com\/en\/agbs\/\" \/>\n<meta property=\"og:site_name\" content=\"Acakoro\" \/>\n<meta property=\"article:modified_time\" content=\"2022-07-29T09:33:47+00:00\" \/>\n<meta name=\"twitter:card\" content=\"summary_large_image\" \/>\n<meta name=\"twitter:label1\" content=\"Est. reading time\" \/>\n\t<meta name=\"twitter:data1\" content=\"1 minute\" \/>\n<script type=\"application\/ld+json\" class=\"yoast-schema-graph\">{\"@context\":\"https:\\\/\\\/schema.org\",\"@graph\":[{\"@type\":\"WebPage\",\"@id\":\"https:\\\/\\\/www.acakorofootball.com\\\/en\\\/agbs\\\/\",\"url\":\"https:\\\/\\\/www.acakorofootball.com\\\/en\\\/agbs\\\/\",\"name\":\"AGBs - Acakoro\",\"isPartOf\":{\"@id\":\"https:\\\/\\\/www.acakorofootball.com\\\/#website\"},\"datePublished\":\"2022-03-15T12:29:18+00:00\",\"dateModified\":\"2022-07-29T09:33:47+00:00\",\"description\":\"Der Hilfsverein ACAKORO Football erm\u00f6glicht sozial stark benachteiligten Kindern im Korogocho-Slum in Kenia eine akademische und sportliche Ausbildung.\",\"breadcrumb\":{\"@id\":\"https:\\\/\\\/www.acakorofootball.com\\\/en\\\/agbs\\\/#breadcrumb\"},\"inLanguage\":\"en-US\",\"potentialAction\":[{\"@type\":\"ReadAction\",\"target\":[\"https:\\\/\\\/www.acakorofootball.com\\\/en\\\/agbs\\\/\"]}]},{\"@type\":\"BreadcrumbList\",\"@id\":\"https:\\\/\\\/www.acakorofootball.com\\\/en\\\/agbs\\\/#breadcrumb\",\"itemListElement\":[{\"@type\":\"ListItem\",\"position\":1,\"name\":\"Startseite\",\"item\":\"https:\\\/\\\/www.acakorofootball.com\\\/en\\\/\"},{\"@type\":\"ListItem\",\"position\":2,\"name\":\"AGBs\"}]},{\"@type\":\"WebSite\",\"@id\":\"https:\\\/\\\/www.acakorofootball.com\\\/#website\",\"url\":\"https:\\\/\\\/www.acakorofootball.com\\\/\",\"name\":\"Acakoro\",\"description\":\"Football Academy\",\"publisher\":{\"@id\":\"https:\\\/\\\/www.acakorofootball.com\\\/#organization\"},\"potentialAction\":[{\"@type\":\"SearchAction\",\"target\":{\"@type\":\"EntryPoint\",\"urlTemplate\":\"https:\\\/\\\/www.acakorofootball.com\\\/?s={search_term_string}\"},\"query-input\":{\"@type\":\"PropertyValueSpecification\",\"valueRequired\":true,\"valueName\":\"search_term_string\"}}],\"inLanguage\":\"en-US\"},{\"@type\":\"Organization\",\"@id\":\"https:\\\/\\\/www.acakorofootball.com\\\/#organization\",\"name\":\"Football Academy ACAKORO\",\"url\":\"https:\\\/\\\/www.acakorofootball.com\\\/\",\"logo\":{\"@type\":\"ImageObject\",\"inLanguage\":\"en-US\",\"@id\":\"https:\\\/\\\/www.acakorofootball.com\\\/#\\\/schema\\\/logo\\\/image\\\/\",\"url\":\"https:\\\/\\\/www.acakorofootball.com\\\/wp-content\\\/uploads\\\/2022\\\/03\\\/logo_rgb.png\",\"contentUrl\":\"https:\\\/\\\/www.acakorofootball.com\\\/wp-content\\\/uploads\\\/2022\\\/03\\\/logo_rgb.png\",\"width\":1181,\"height\":1181,\"caption\":\"Football Academy ACAKORO\"},\"image\":{\"@id\":\"https:\\\/\\\/www.acakorofootball.com\\\/#\\\/schema\\\/logo\\\/image\\\/\"}}]}<\/script>\n<!-- \/ Yoast SEO plugin. -->","yoast_head_json":{"title":"AGBs - Acakoro","description":"Der Hilfsverein ACAKORO Football erm\u00f6glicht sozial stark benachteiligten Kindern im Korogocho-Slum in Kenia eine akademische und sportliche Ausbildung.","robots":{"index":"index","follow":"follow","max-snippet":"max-snippet:-1","max-image-preview":"max-image-preview:large","max-video-preview":"max-video-preview:-1"},"canonical":"https:\/\/www.acakorofootball.com\/en\/agbs\/","og_locale":"en_US","og_type":"article","og_title":"AGBs - Acakoro","og_description":"Der Hilfsverein ACAKORO Football erm\u00f6glicht sozial stark benachteiligten Kindern im Korogocho-Slum in Kenia eine akademische und sportliche Ausbildung.","og_url":"https:\/\/www.acakorofootball.com\/en\/agbs\/","og_site_name":"Acakoro","article_modified_time":"2022-07-29T09:33:47+00:00","twitter_card":"summary_large_image","twitter_misc":{"Est. reading time":"1 minute"},"schema":{"@context":"https:\/\/schema.org","@graph":[{"@type":"WebPage","@id":"https:\/\/www.acakorofootball.com\/en\/agbs\/","url":"https:\/\/www.acakorofootball.com\/en\/agbs\/","name":"AGBs - Acakoro","isPartOf":{"@id":"https:\/\/www.acakorofootball.com\/#website"},"datePublished":"2022-03-15T12:29:18+00:00","dateModified":"2022-07-29T09:33:47+00:00","description":"Der Hilfsverein ACAKORO Football erm\u00f6glicht sozial stark benachteiligten Kindern im Korogocho-Slum in Kenia eine akademische und sportliche Ausbildung.","breadcrumb":{"@id":"https:\/\/www.acakorofootball.com\/en\/agbs\/#breadcrumb"},"inLanguage":"en-US","potentialAction":[{"@type":"ReadAction","target":["https:\/\/www.acakorofootball.com\/en\/agbs\/"]}]},{"@type":"BreadcrumbList","@id":"https:\/\/www.acakorofootball.com\/en\/agbs\/#breadcrumb","itemListElement":[{"@type":"ListItem","position":1,"name":"Startseite","item":"https:\/\/www.acakorofootball.com\/en\/"},{"@type":"ListItem","position":2,"name":"AGBs"}]},{"@type":"WebSite","@id":"https:\/\/www.acakorofootball.com\/#website","url":"https:\/\/www.acakorofootball.com\/","name":"Acakoro","description":"Football Academy","publisher":{"@id":"https:\/\/www.acakorofootball.com\/#organization"},"potentialAction":[{"@type":"SearchAction","target":{"@type":"EntryPoint","urlTemplate":"https:\/\/www.acakorofootball.com\/?s={search_term_string}"},"query-input":{"@type":"PropertyValueSpecification","valueRequired":true,"valueName":"search_term_string"}}],"inLanguage":"en-US"},{"@type":"Organization","@id":"https:\/\/www.acakorofootball.com\/#organization","name":"Football Academy ACAKORO","url":"https:\/\/www.acakorofootball.com\/","logo":{"@type":"ImageObject","inLanguage":"en-US","@id":"https:\/\/www.acakorofootball.com\/#\/schema\/logo\/image\/","url":"https:\/\/www.acakorofootball.com\/wp-content\/uploads\/2022\/03\/logo_rgb.png","contentUrl":"https:\/\/www.acakorofootball.com\/wp-content\/uploads\/2022\/03\/logo_rgb.png","width":1181,"height":1181,"caption":"Football Academy ACAKORO"},"image":{"@id":"https:\/\/www.acakorofootball.com\/#\/schema\/logo\/image\/"}}]}},"_links":{"self":[{"href":"https:\/\/www.acakorofootball.com\/en\/wp-json\/wp\/v2\/pages\/2874","targetHints":{"allow":["GET"]}}],"collection":[{"href":"https:\/\/www.acakorofootball.com\/en\/wp-json\/wp\/v2\/pages"}],"about":[{"href":"https:\/\/www.acakorofootball.com\/en\/wp-json\/wp\/v2\/types\/page"}],"author":[{"embeddable":true,"href":"https:\/\/www.acakorofootball.com\/en\/wp-json\/wp\/v2\/users\/6"}],"replies":[{"embeddable":true,"href":"https:\/\/www.acakorofootball.com\/en\/wp-json\/wp\/v2\/comments?post=2874"}],"version-history":[{"count":2,"href":"https:\/\/www.acakorofootball.com\/en\/wp-json\/wp\/v2\/pages\/2874\/revisions"}],"predecessor-version":[{"id":2876,"href":"https:\/\/www.acakorofootball.com\/en\/wp-json\/wp\/v2\/pages\/2874\/revisions\/2876"}],"wp:attachment":[{"href":"https:\/\/www.acakorofootball.com\/en\/wp-json\/wp\/v2\/media?parent=2874"}],"curies":[{"name":"wp","href":"https:\/\/api.w.org\/{rel}","templated":true}]}}